{"id":6151,"date":"2019-04-04T19:02:39","date_gmt":"2019-04-04T19:02:39","guid":{"rendered":"https:\/\/juliededry.be\/?page_id=6151"},"modified":"2019-04-04T19:54:11","modified_gmt":"2019-04-04T19:54:11","slug":"unsubscribe","status":"publish","type":"page","link":"https:\/\/juliededry.be\/index.php\/unsubscribe\/","title":{"rendered":"Me d\u00e9sabonner"},"content":{"rendered":"\t\t<div data-elementor-type=\"wp-post\" data-elementor-id=\"6151\" class=\"elementor elementor-6151\" data-elementor-settings=\"[]\">\n\t\t\t\t\t\t<div class=\"elementor-inner\">\n\t\t\t\t\t\t\t<div class=\"elementor-section-wrap\">\n\t\t\t\t\t\t\t<section class=\"has_eae_slider elementor-section elementor-top-section elementor-element elementor-element-e820967 elementor-section-boxed elementor-section-height-default elementor-section-height-default\" data-id=\"e820967\" data-element_type=\"section\" data-settings=\"{&quot;background_background&quot;:&quot;classic&quot;}\">\n\t\t\t\t\t\t<div class=\"elementor-container elementor-column-gap-default\">\n\t\t\t\t\t\t\t<div class=\"elementor-row\">\n\t\t\t\t\t<div class=\"has_eae_slider elementor-column elementor-col-100 elementor-top-column elementor-element elementor-element-9fe1f03\" data-id=\"9fe1f03\" data-element_type=\"column\">\n\t\t\t<div class=\"elementor-column-wrap elementor-element-populated\">\n\t\t\t\t\t\t\t<div class=\"elementor-widget-wrap\">\n\t\t\t\t\t\t<div class=\"elementor-element elementor-element-0469be6 elementor-widget elementor-widget-image\" data-id=\"0469be6\" data-element_type=\"widget\" data-widget_type=\"image.default\">\n\t\t\t\t<div class=\"elementor-widget-container\">\n\t\t\t\t\t<div class=\"elementor-image\">\n\t\t\t\t\t\t\t\t\t\t<img width=\"150\" height=\"150\" src=\"https:\/\/i0.wp.com\/juliededry.be\/wp-content\/uploads\/2018\/08\/JD_monogrammeunlimit-it_noir.png?resize=150%2C150&amp;ssl=1\" class=\"attachment-thumbnail size-thumbnail\" alt=\"\" loading=\"lazy\" srcset=\"https:\/\/i0.wp.com\/juliededry.be\/wp-content\/uploads\/2018\/08\/JD_monogrammeunlimit-it_noir.png?resize=150%2C150&amp;ssl=1 150w, https:\/\/i0.wp.com\/juliededry.be\/wp-content\/uploads\/2018\/08\/JD_monogrammeunlimit-it_noir.png?zoom=2&amp;resize=150%2C150&amp;ssl=1 300w, https:\/\/i0.wp.com\/juliededry.be\/wp-content\/uploads\/2018\/08\/JD_monogrammeunlimit-it_noir.png?zoom=3&amp;resize=150%2C150&amp;ssl=1 450w\" sizes=\"(max-width: 150px) 100vw, 150px\" data-attachment-id=\"96\" data-permalink=\"https:\/\/juliededry.be\/jd_monogrammeunlimit-it_noir\/\" data-orig-file=\"https:\/\/i0.wp.com\/juliededry.be\/wp-content\/uploads\/2018\/08\/JD_monogrammeunlimit-it_noir.png?fit=1402%2C2000&amp;ssl=1\" data-orig-size=\"1402,2000\" data-comments-opened=\"1\" data-image-meta=\"{&quot;aperture&quot;:&quot;0&quot;,&quot;credit&quot;:&quot;&quot;,&quot;camera&quot;:&quot;&quot;,&quot;caption&quot;:&quot;&quot;,&quot;created_timestamp&quot;:&quot;0&quot;,&quot;copyright&quot;:&quot;&quot;,&quot;focal_length&quot;:&quot;0&quot;,&quot;iso&quot;:&quot;0&quot;,&quot;shutter_speed&quot;:&quot;0&quot;,&quot;title&quot;:&quot;&quot;,&quot;orientation&quot;:&quot;0&quot;}\" data-image-title=\"JD_monogramme+unlimit-it_noir\" data-image-description=\"\" data-medium-file=\"https:\/\/i0.wp.com\/juliededry.be\/wp-content\/uploads\/2018\/08\/JD_monogrammeunlimit-it_noir.png?fit=210%2C300&amp;ssl=1\" data-large-file=\"https:\/\/i0.wp.com\/juliededry.be\/wp-content\/uploads\/2018\/08\/JD_monogrammeunlimit-it_noir.png?fit=718%2C1024&amp;ssl=1\" \/>\t\t\t\t\t\t\t\t\t\t\t<\/div>\n\t\t\t\t<\/div>\n\t\t\t\t<\/div>\n\t\t\t\t<div class=\"elementor-element elementor-element-4f4a7da elementor-widget elementor-widget-spacer\" data-id=\"4f4a7da\" data-element_type=\"widget\" data-widget_type=\"spacer.default\">\n\t\t\t\t<div class=\"elementor-widget-container\">\n\t\t\t\t\t<div class=\"elementor-spacer\">\n\t\t\t<div class=\"elementor-spacer-inner\"><\/div>\n\t\t<\/div>\n\t\t\t\t<\/div>\n\t\t\t\t<\/div>\n\t\t\t\t<div class=\"elementor-element elementor-element-453281a elementor-widget elementor-widget-html\" data-id=\"453281a\" data-element_type=\"widget\" data-widget_type=\"html.default\">\n\t\t\t\t<div class=\"elementor-widget-container\">\n\t\t\t\n<style type=\"text\/css\" scoped>\n    .mauticform_wrapper { max-width: 600px; margin: 10px auto; }\n    .mauticform-innerform {}\n    .mauticform-post-success {}\n    .mauticform-name { font-weight: bold; font-size: 1.5em; margin-bottom: 3px; }\n    .mauticform-description { margin-top: 2px; margin-bottom: 10px; }\n    .mauticform-error { margin-bottom: 10px; color: red; }\n    .mauticform-message { margin-bottom: 10px;color: green; }\n    .mauticform-row { display: block; margin-bottom: 20px; }\n    .mauticform-label { font-size: 1.1em; display: block; font-weight: bold; margin-bottom: 5px; }\n    .mauticform-row.mauticform-required .mauticform-label:after { color: #e32; content: \" *\"; display: inline; }\n    .mauticform-helpmessage { display: block; font-size: 0.9em; margin-bottom: 3px; }\n    .mauticform-errormsg { display: block; color: red; margin-top: 2px; }\n    .mauticform-selectbox, .mauticform-input, .mauticform-textarea { width: 100%; padding: 0.5em 0.5em; border: 1px solid #CCC; background: #fff; box-shadow: 0px 0px 0px #fff inset; border-radius: 4px; box-sizing: border-box; }\n    .mauticform-checkboxgrp-row {}\n    .mauticform-checkboxgrp-label { font-weight: normal; }\n    .mauticform-checkboxgrp-checkbox {}\n    .mauticform-radiogrp-row {}\n    .mauticform-radiogrp-label { font-weight: normal; }\n    .mauticform-radiogrp-radio {}\n    .mauticform-button-wrapper .mauticform-button.btn-default, .mauticform-pagebreak-wrapper .mauticform-pagebreak.btn-default { color: #5d6c7c;background-color: #ffffff;border-color: #dddddd;}\n    .mauticform-button-wrapper .mauticform-button, .mauticform-pagebreak-wrapper .mauticform-pagebreak { display: inline-block;margin-bottom: 0;font-weight: 600;text-align: center;vertical-align: middle;cursor: pointer;background-image: none;border: 1px solid transparent;white-space: nowrap;padding: 6px 12px;font-size: 13px;line-height: 1.3856;border-radius: 3px;-webkit-user-select: none;-moz-user-select: none;-ms-user-select: none;user-select: none;}\n    .mauticform-button-wrapper .mauticform-button.btn-default[disabled], .mauticform-pagebreak-wrapper .mauticform-pagebreak.btn-default[disabled] { background-color: #ffffff; border-color: #dddddd; opacity: 0.75; cursor: not-allowed; }\n    .mauticform-pagebreak-wrapper .mauticform-button-wrapper {  display: inline; }\n<\/style>\n<div id=\"mauticform_wrapper_3rdchannelwpformdesinscriptionnewsletter\" class=\"mauticform_wrapper\">\n    <form autocomplete=\"false\" role=\"form\" method=\"post\" action=\"https:\/\/mautic.juliededry.be\/form\/submit?formId=6\" id=\"mauticform_3rdchannelwpformdesinscriptionnewsletter\" data-mautic-form=\"3rdchannelwpformdesinscriptionnewsletter\" enctype=\"multipart\/form-data\">\n        <div class=\"mauticform-error\" id=\"mauticform_3rdchannelwpformdesinscriptionnewsletter_error\"><\/div>\n        <div class=\"mauticform-message\" id=\"mauticform_3rdchannelwpformdesinscriptionnewsletter_message\"><\/div>\n        <div class=\"mauticform-innerform\">\n\n            \n          <div class=\"mauticform-page-wrapper mauticform-page-1\" data-mautic-form-page=\"1\">\n\n            <div id=\"mauticform_3rdchannelwpformdesinscriptionnewsletter_email\" data-validate=\"email\" data-validation-type=\"email\" class=\"mauticform-row mauticform-email mauticform-field-1 mauticform-required\">\n                <input id=\"mauticform_input_3rdchannelwpformdesinscriptionnewsletter_email\" name=\"mauticform[email]\" value=\"\" placeholder=\"Email\" class=\"mauticform-input\" type=\"email\">\n                <span class=\"mauticform-errormsg\" style=\"display: none;\">Champ requis<\/span>\n            <\/div>\n\n            <div id=\"mauticform_3rdchannelwpformdesinscriptionnewsletter_se_desabonner\" style=\"width:32% class=\" mauticform-row mauticform-button-wrapper mauticform-field-2>\n                <button type=\"submit\" name=\"mauticform[se_desabonner]\" id=\"mauticform_input_3rdchannelwpformdesinscriptionnewsletter_se_desabonner\" value=\"\" style=\"background-color:\" color: white margin: auto class=\"mauticform-button\">Se d\u00e9sabonner<\/button>\n            <\/div>\n            <\/div>\n        <\/div>\n\n        <input type=\"hidden\" name=\"mauticform[formId]\" id=\"mauticform_3rdchannelwpformdesinscriptionnewsletter_id\" value=\"6\">\n        <input type=\"hidden\" name=\"mauticform[return]\" id=\"mauticform_3rdchannelwpformdesinscriptionnewsletter_return\" value=\"\">\n        <input type=\"hidden\" name=\"mauticform[formName]\" id=\"mauticform_3rdchannelwpformdesinscriptionnewsletter_name\" value=\"3rdchannelwpformdesinscriptionnewsletter\">\n\n        <\/form>\n<\/div>\n\t\t<\/div>\n\t\t\t\t<\/div>\n\t\t\t\t\t\t<\/div>\n\t\t\t\t\t<\/div>\n\t\t<\/div>\n\t\t\t\t\t\t\t\t<\/div>\n\t\t\t\t\t<\/div>\n\t\t<\/section>\n\t\t\t\t\t\t<\/div>\n\t\t\t\t\t\t<\/div>\n\t\t\t\t\t<\/div>\n\t\t","protected":false},"excerpt":{"rendered":"<p>Champ requis Se d\u00e9sabonner<\/p>\n","protected":false},"author":1,"featured_media":0,"parent":0,"menu_order":0,"comment_status":"closed","ping_status":"closed","template":"elementor_canvas","meta":{"spay_email":""},"yoast_head":"<!-- This site is optimized with the Yoast SEO plugin v15.7 - https:\/\/yoast.com\/wordpress\/plugins\/seo\/ -->\n<title>Me d\u00e9sabonner - Julie Dedry<\/title>\n<meta name=\"robots\" content=\"index, follow, max-snippet:-1, max-image-preview:large, max-video-preview:-1\" \/>\n<link rel=\"canonical\" href=\"https:\/\/juliededry.be\/index.php\/unsubscribe\/\" \/>\n<meta property=\"og:locale\" content=\"fr_FR\" \/>\n<meta property=\"og:type\" content=\"article\" \/>\n<meta property=\"og:title\" content=\"Me d\u00e9sabonner - Julie Dedry\" \/>\n<meta property=\"og:description\" content=\"Champ requis Se d\u00e9sabonner\" \/>\n<meta property=\"og:url\" content=\"https:\/\/juliededry.be\/index.php\/unsubscribe\/\" \/>\n<meta property=\"og:site_name\" content=\"Julie Dedry\" \/>\n<meta property=\"article:modified_time\" content=\"2019-04-04T19:54:11+00:00\" \/>\n<meta property=\"og:image\" content=\"https:\/\/juliededry.be\/wp-content\/uploads\/2018\/08\/JD_monogrammeunlimit-it_noir-150x150.png\" \/>\n<meta name=\"twitter:card\" content=\"summary_large_image\" \/>\n<script type=\"application\/ld+json\" class=\"yoast-schema-graph\">{\"@context\":\"https:\/\/schema.org\",\"@graph\":[{\"@type\":\"WebSite\",\"@id\":\"https:\/\/juliededry.be\/#website\",\"url\":\"https:\/\/juliededry.be\/\",\"name\":\"Julie Dedry\",\"description\":\"Cr\\u00e9atrice de routines sur mesure\",\"potentialAction\":[{\"@type\":\"SearchAction\",\"target\":\"https:\/\/juliededry.be\/?s={search_term_string}\",\"query-input\":\"required name=search_term_string\"}],\"inLanguage\":\"fr-FR\"},{\"@type\":\"ImageObject\",\"@id\":\"https:\/\/juliededry.be\/index.php\/unsubscribe\/#primaryimage\",\"inLanguage\":\"fr-FR\",\"url\":\"https:\/\/i0.wp.com\/juliededry.be\/wp-content\/uploads\/2018\/08\/JD_monogrammeunlimit-it_noir.png?fit=1402%2C2000&ssl=1\",\"width\":1402,\"height\":2000},{\"@type\":\"WebPage\",\"@id\":\"https:\/\/juliededry.be\/index.php\/unsubscribe\/#webpage\",\"url\":\"https:\/\/juliededry.be\/index.php\/unsubscribe\/\",\"name\":\"Me d\\u00e9sabonner - Julie Dedry\",\"isPartOf\":{\"@id\":\"https:\/\/juliededry.be\/#website\"},\"primaryImageOfPage\":{\"@id\":\"https:\/\/juliededry.be\/index.php\/unsubscribe\/#primaryimage\"},\"datePublished\":\"2019-04-04T19:02:39+00:00\",\"dateModified\":\"2019-04-04T19:54:11+00:00\",\"breadcrumb\":{\"@id\":\"https:\/\/juliededry.be\/index.php\/unsubscribe\/#breadcrumb\"},\"inLanguage\":\"fr-FR\",\"potentialAction\":[{\"@type\":\"ReadAction\",\"target\":[\"https:\/\/juliededry.be\/index.php\/unsubscribe\/\"]}]},{\"@type\":\"BreadcrumbList\",\"@id\":\"https:\/\/juliededry.be\/index.php\/unsubscribe\/#breadcrumb\",\"itemListElement\":[{\"@type\":\"ListItem\",\"position\":1,\"item\":{\"@type\":\"WebPage\",\"@id\":\"https:\/\/juliededry.be\/\",\"url\":\"https:\/\/juliededry.be\/\",\"name\":\"Accueil\"}},{\"@type\":\"ListItem\",\"position\":2,\"item\":{\"@type\":\"WebPage\",\"@id\":\"https:\/\/juliededry.be\/index.php\/unsubscribe\/\",\"url\":\"https:\/\/juliededry.be\/index.php\/unsubscribe\/\",\"name\":\"Me d\\u00e9sabonner\"}}]}]}<\/script>\n<!-- \/ Yoast SEO plugin. -->","jetpack_sharing_enabled":true,"jetpack_shortlink":"https:\/\/wp.me\/PaiuL7-1Bd","jetpack-related-posts":[{"id":6252,"url":"https:\/\/juliededry.be\/index.php\/seminaires\/","url_meta":{"origin":6151,"position":0},"title":"SEMINAIRES","date":"avril 15, 2019","format":false,"excerpt":"S\u00e9minaires UNLIMIT-IT S\u00e9minaire Unlimit-it \u20ac 137 par personne Gagnez 8 heures par semaine et diminuez votre charge mentale\u200b D\u00e9finissez vos 4 routines personnelles\u200b Canalisez votre \u00e9nergie et restez focus\u200b Une vision claire et tr\u00e8s pr\u00e9cise de vos r\u00eaves \u00e0 5 ans dans les 5 sph\u00e8res de votre vie et la\u2026","rel":"","context":"Article similaire","img":{"alt_text":"","src":"","width":0,"height":0},"classes":[]},{"id":6527,"url":"https:\/\/juliededry.be\/index.php\/test-2\/","url_meta":{"origin":6151,"position":1},"title":"test","date":"juin 19, 2019","format":false,"excerpt":"Open Modal Inscrivez-vous* pour recevoir le document ! Apr\u00e8s inscription vous recevrez un mail avec le lien de t\u00e9l\u00e9chargement. * En vous inscrivant vous acceptez que je vous envoie occasionnellement des mails d'inspiration. Vous pouvez vous d\u00e9sinscrire \u00e0 tout moment.","rel":"","context":"Article similaire","img":{"alt_text":"","src":"","width":0,"height":0},"classes":[]},{"id":6122,"url":"https:\/\/juliededry.be\/index.php\/telechargements\/","url_meta":{"origin":6151,"position":2},"title":"T\u00c9L\u00c9CHARGEMENTS","date":"avril 4, 2019","format":false,"excerpt":"OFFERT: LA LISTE DES 20 LIVRES QUI ONT CHANGE MA VIE Je vous propose ici 20 livres qui ont eu un r\u00e9el impact dans ma vie, et mon retour d\u2019exp\u00e9rience sur l\u2019impl\u00e9mentation de leurs conseils dans ma vie. T\u00e9l\u00e9charger maintenant Inscrivez-vous* pour recevoir le document ! Apr\u00e8s inscription vous recevrez\u2026","rel":"","context":"Article similaire","img":{"alt_text":"","src":"","width":0,"height":0},"classes":[]},{"id":5477,"url":"https:\/\/juliededry.be\/index.php\/new-home\/","url_meta":{"origin":6151,"position":3},"title":"Home","date":"f\u00e9vrier 20, 2019","format":false,"excerpt":"Le monde a besoin que vous soyez \u00e0 votre juste place. BONJOUR Je suis Julie Dedry Je suis architecte de vie. Trentenaire, maman de 3 gar\u00e7ons et amoureuse des Moments de Gr\u00e2ce, je suis passionn\u00e9e par le raffinement et le quotidien. Se nourrir du beau, du bon, du juste\u2026 plus\u2026","rel":"","context":"Article similaire","img":{"alt_text":"","src":"https:\/\/i1.wp.com\/juliededry.be\/wp-content\/uploads\/2020\/10\/Photo-julie-copie.jpg?resize=350%2C200&ssl=1","width":350,"height":200},"classes":[]},{"id":6257,"url":"https:\/\/juliededry.be\/index.php\/accompagnements\/","url_meta":{"origin":6151,"position":4},"title":"ACCOMPAGNEMENTS","date":"avril 15, 2019","format":false,"excerpt":"Prise de contact \u20ac 0 offert 30 minutes En visio-conf\u00e9rence Je r\u00e9ponds \u00e0 toutes vos questions, faisons connaissance! Je me lance A la carte \u20ac 70 par s\u00e9ance 1 heure 15 En visio-conf\u00e9rence En fonction de vos besoins. Je me lance Ancre de vie \u20ac 140 s\u00e9ance unique 2 heures\u2026","rel":"","context":"Article similaire","img":{"alt_text":"","src":"https:\/\/i1.wp.com\/juliededry.be\/wp-content\/uploads\/2019\/07\/Ju-2-1024x640.jpg?resize=350%2C200&ssl=1","width":350,"height":200},"classes":[]}],"_links":{"self":[{"href":"https:\/\/juliededry.be\/index.php\/wp-json\/wp\/v2\/pages\/6151"}],"collection":[{"href":"https:\/\/juliededry.be\/index.php\/wp-json\/wp\/v2\/pages"}],"about":[{"href":"https:\/\/juliededry.be\/index.php\/wp-json\/wp\/v2\/types\/page"}],"author":[{"embeddable":true,"href":"https:\/\/juliededry.be\/index.php\/wp-json\/wp\/v2\/users\/1"}],"replies":[{"embeddable":true,"href":"https:\/\/juliededry.be\/index.php\/wp-json\/wp\/v2\/comments?post=6151"}],"version-history":[{"count":8,"href":"https:\/\/juliededry.be\/index.php\/wp-json\/wp\/v2\/pages\/6151\/revisions"}],"predecessor-version":[{"id":6173,"href":"https:\/\/juliededry.be\/index.php\/wp-json\/wp\/v2\/pages\/6151\/revisions\/6173"}],"wp:attachment":[{"href":"https:\/\/juliededry.be\/index.php\/wp-json\/wp\/v2\/media?parent=6151"}],"curies":[{"name":"wp","href":"https:\/\/api.w.org\/{rel}","templated":true}]}}