{"id":6403,"date":"2019-04-25T13:10:56","date_gmt":"2019-04-25T13:10:56","guid":{"rendered":"https:\/\/juliededry.be\/?page_id=6403"},"modified":"2019-04-25T13:23:11","modified_gmt":"2019-04-25T13:23:11","slug":"confirmation-form-digital","status":"publish","type":"page","link":"https:\/\/juliededry.be\/index.php\/confirmation-form-digital\/","title":{"rendered":"Confirmation form digital"},"content":{"rendered":"\t\t<div data-elementor-type=\"wp-post\" data-elementor-id=\"6403\" class=\"elementor elementor-6403\" data-elementor-settings=\"[]\">\n\t\t\t\t\t\t<div class=\"elementor-inner\">\n\t\t\t\t\t\t\t<div class=\"elementor-section-wrap\">\n\t\t\t\t\t\t\t<section class=\"has_eae_slider elementor-section elementor-top-section elementor-element elementor-element-6fde14bf elementor-section-boxed elementor-section-height-default elementor-section-height-default\" data-id=\"6fde14bf\" data-element_type=\"section\">\n\t\t\t\t\t\t<div class=\"elementor-container elementor-column-gap-default\">\n\t\t\t\t\t\t\t<div class=\"elementor-row\">\n\t\t\t\t\t<div class=\"has_eae_slider elementor-column elementor-col-100 elementor-top-column elementor-element elementor-element-3387cd4e\" data-id=\"3387cd4e\" data-element_type=\"column\">\n\t\t\t<div class=\"elementor-column-wrap elementor-element-populated\">\n\t\t\t\t\t\t\t<div class=\"elementor-widget-wrap\">\n\t\t\t\t\t\t<div class=\"elementor-element elementor-element-5e41460 elementor-widget elementor-widget-image\" data-id=\"5e41460\" data-element_type=\"widget\" data-widget_type=\"image.default\">\n\t\t\t\t<div class=\"elementor-widget-container\">\n\t\t\t\t\t<div class=\"elementor-image\">\n\t\t\t\t\t\t\t\t\t\t\t<a href=\"https:\/\/juliededry.be\">\n\t\t\t\t\t\t\t<img src=\"https:\/\/i1.wp.com\/juliededry.be\/wp-content\/uploads\/elementor\/thumbs\/JD_monogrammeunlimit-it_noir-1-o3nt7qr848tgpd1zj83za5al94tp1kqlcgj5kuo0o6.png?w=1200&#038;ssl=1\" title=\"JD_monogramme+unlimit-it_noir\" alt=\"JD_monogramme+unlimit-it_noir\" data-recalc-dims=\"1\" \/>\t\t\t\t\t\t\t\t<\/a>\n\t\t\t\t\t\t\t\t\t\t\t<\/div>\n\t\t\t\t<\/div>\n\t\t\t\t<\/div>\n\t\t\t\t<div class=\"elementor-element elementor-element-3c02e9b elementor-widget-divider--view-line elementor-widget elementor-widget-divider\" data-id=\"3c02e9b\" data-element_type=\"widget\" data-widget_type=\"divider.default\">\n\t\t\t\t<div class=\"elementor-widget-container\">\n\t\t\t\t\t<div class=\"elementor-divider\">\n\t\t\t<span class=\"elementor-divider-separator\">\n\t\t\t\t\t\t<\/span>\n\t\t<\/div>\n\t\t\t\t<\/div>\n\t\t\t\t<\/div>\n\t\t\t\t<div class=\"elementor-element elementor-element-82a0af8 elementor-widget elementor-widget-heading\" data-id=\"82a0af8\" data-element_type=\"widget\" data-widget_type=\"heading.default\">\n\t\t\t\t<div class=\"elementor-widget-container\">\n\t\t\t<h2 class=\"elementor-heading-title elementor-size-default\">Merci pour ton int\u00e9r\u00eat ! <img draggable=\"false\" class=\"emoji\" alt=\"\ud83d\ude4f\" src=\"https:\/\/s.w.org\/images\/core\/emoji\/11.2.0\/svg\/1f64f.svg\"><br><br><br>Je te contacterai d\u00e8s que la formation sera pr\u00eate. <br><br><br>En attendant, suis moi sur les r\u00e9seaux sociaux ou je partage quotidiennement mes inspirations du moment ! <\/h2>\t\t<\/div>\n\t\t\t\t<\/div>\n\t\t\t\t<div class=\"elementor-element elementor-element-a642ff elementor-widget-divider--view-line elementor-widget elementor-widget-divider\" data-id=\"a642ff\" data-element_type=\"widget\" data-widget_type=\"divider.default\">\n\t\t\t\t<div class=\"elementor-widget-container\">\n\t\t\t\t\t<div class=\"elementor-divider\">\n\t\t\t<span class=\"elementor-divider-separator\">\n\t\t\t\t\t\t<\/span>\n\t\t<\/div>\n\t\t\t\t<\/div>\n\t\t\t\t<\/div>\n\t\t\t\t<div class=\"elementor-element elementor-element-115d39bc elementor-shape-rounded elementor-grid-0 e-grid-align-center elementor-widget elementor-widget-social-icons\" data-id=\"115d39bc\" data-element_type=\"widget\" data-widget_type=\"social-icons.default\">\n\t\t\t\t<div class=\"elementor-widget-container\">\n\t\t\t\t\t<div class=\"elementor-social-icons-wrapper elementor-grid\">\n\t\t\t\t\t\t\t<div class=\"elementor-grid-item\">\n\t\t\t\t\t<a class=\"elementor-icon elementor-social-icon elementor-social-icon-facebook elementor-repeater-item-5033d55\" href=\"https:\/\/www.facebook.com\/julie.dedry.unlimit.it\/\" target=\"_blank\">\n\t\t\t\t\t\t<span class=\"elementor-screen-only\">Facebook<\/span>\n\t\t\t\t\t\t\t\t\t\t\t\t\t<i class=\"fa fa-facebook\"><\/i>\n\t\t\t\t\t\t\t\t\t\t\t<\/a>\n\t\t\t\t<\/div>\n\t\t\t\t\t\t\t<div class=\"elementor-grid-item\">\n\t\t\t\t\t<a class=\"elementor-icon elementor-social-icon elementor-social-icon-instagram elementor-repeater-item-5e5e7c7\" href=\"https:\/\/www.instagram.com\/juliededry\/?hl=it\" target=\"_blank\">\n\t\t\t\t\t\t<span class=\"elementor-screen-only\">Instagram<\/span>\n\t\t\t\t\t\t\t\t\t\t\t\t\t<i class=\"fa fa-instagram\"><\/i>\n\t\t\t\t\t\t\t\t\t\t\t<\/a>\n\t\t\t\t<\/div>\n\t\t\t\t\t<\/div>\n\t\t\t\t<\/div>\n\t\t\t\t<\/div>\n\t\t\t\t<div class=\"elementor-element elementor-element-62d8bb66 elementor-widget elementor-widget-spacer\" data-id=\"62d8bb66\" data-element_type=\"widget\" data-widget_type=\"spacer.default\">\n\t\t\t\t<div class=\"elementor-widget-container\">\n\t\t\t\t\t<div class=\"elementor-spacer\">\n\t\t\t<div class=\"elementor-spacer-inner\"><\/div>\n\t\t<\/div>\n\t\t\t\t<\/div>\n\t\t\t\t<\/div>\n\t\t\t\t<div class=\"elementor-element elementor-element-7877fcea elementor-icon-list--layout-traditional elementor-list-item-link-full_width elementor-widget elementor-widget-icon-list\" data-id=\"7877fcea\" data-element_type=\"widget\" data-widget_type=\"icon-list.default\">\n\t\t\t\t<div class=\"elementor-widget-container\">\n\t\t\t\t\t<ul class=\"elementor-icon-list-items\">\n\t\t\t\t\t\t\t<li class=\"elementor-icon-list-item\">\n\t\t\t\t\t<a href=\"https:\/\/juliededry.be\">\t\t\t\t\t\t<span class=\"elementor-icon-list-icon\">\n\t\t\t\t\t\t\t\t\t\t\t\t\t\t\t\t<i class=\"fa fa-arrow-circle-left\" aria-hidden=\"true\"><\/i>\n\t\t\t\t\t\t\t\t\t\t\t\t\t<\/span>\n\t\t\t\t\t\t\t\t\t\t<span class=\"elementor-icon-list-text\">Retour vers le site<\/span>\n\t\t\t\t\t\t\t\t\t\t\t<\/a>\n\t\t\t\t\t\t\t\t\t<\/li>\n\t\t\t\t\t\t<\/ul>\n\t\t\t\t<\/div>\n\t\t\t\t<\/div>\n\t\t\t\t\t\t<\/div>\n\t\t\t\t\t<\/div>\n\t\t<\/div>\n\t\t\t\t\t\t\t\t<\/div>\n\t\t\t\t\t<\/div>\n\t\t<\/section>\n\t\t\t\t\t\t<\/div>\n\t\t\t\t\t\t<\/div>\n\t\t\t\t\t<\/div>\n\t\t","protected":false},"excerpt":{"rendered":"<p>Merci pour ton int\u00e9r\u00eat ! Je te contacterai d\u00e8s que la formation sera pr\u00eate. En attendant, suis moi sur les r\u00e9seaux sociaux ou je partage quotidiennement mes inspirations du moment ! Facebook Instagram Retour vers le site<\/p>\n","protected":false},"author":1,"featured_media":0,"parent":0,"menu_order":0,"comment_status":"closed","ping_status":"closed","template":"elementor_canvas","meta":{"spay_email":""},"yoast_head":"<!-- This site is optimized with the Yoast SEO plugin v15.7 - https:\/\/yoast.com\/wordpress\/plugins\/seo\/ -->\n<title>Confirmation form digital - Julie Dedry<\/title>\n<meta name=\"robots\" content=\"index, follow, max-snippet:-1, max-image-preview:large, max-video-preview:-1\" \/>\n<link rel=\"canonical\" href=\"https:\/\/juliededry.be\/index.php\/confirmation-form-digital\/\" \/>\n<meta property=\"og:locale\" content=\"fr_FR\" \/>\n<meta property=\"og:type\" content=\"article\" \/>\n<meta property=\"og:title\" content=\"Confirmation form digital - Julie Dedry\" \/>\n<meta property=\"og:description\" content=\"Merci pour ton int\u00e9r\u00eat ! Je te contacterai d\u00e8s que la formation sera pr\u00eate. En attendant, suis moi sur les r\u00e9seaux sociaux ou je partage quotidiennement mes inspirations du moment ! Facebook Instagram Retour vers le site\" \/>\n<meta property=\"og:url\" content=\"https:\/\/juliededry.be\/index.php\/confirmation-form-digital\/\" \/>\n<meta property=\"og:site_name\" content=\"Julie Dedry\" \/>\n<meta property=\"article:modified_time\" content=\"2019-04-25T13:23:11+00:00\" \/>\n<meta property=\"og:image\" content=\"https:\/\/juliededry.be\/wp-content\/uploads\/elementor\/thumbs\/JD_monogrammeunlimit-it_noir-1-o3nt7qr848tgpd1zj83za5al94tp1kqlcgj5kuo0og.png\" \/>\n<meta name=\"twitter:card\" content=\"summary_large_image\" \/>\n<script type=\"application\/ld+json\" class=\"yoast-schema-graph\">{\"@context\":\"https:\/\/schema.org\",\"@graph\":[{\"@type\":\"WebSite\",\"@id\":\"https:\/\/juliededry.be\/#website\",\"url\":\"https:\/\/juliededry.be\/\",\"name\":\"Julie Dedry\",\"description\":\"Cr\\u00e9atrice de routines sur mesure\",\"potentialAction\":[{\"@type\":\"SearchAction\",\"target\":\"https:\/\/juliededry.be\/?s={search_term_string}\",\"query-input\":\"required name=search_term_string\"}],\"inLanguage\":\"fr-FR\"},{\"@type\":\"ImageObject\",\"@id\":\"https:\/\/juliededry.be\/index.php\/confirmation-form-digital\/#primaryimage\",\"inLanguage\":\"fr-FR\",\"url\":\"https:\/\/juliededry.be\/wp-content\/uploads\/elementor\/thumbs\/JD_monogrammeunlimit-it_noir-1-o3nt7qr848tgpd1zj83za5al94tp1kqlcgj5kuo0og.png\"},{\"@type\":\"WebPage\",\"@id\":\"https:\/\/juliededry.be\/index.php\/confirmation-form-digital\/#webpage\",\"url\":\"https:\/\/juliededry.be\/index.php\/confirmation-form-digital\/\",\"name\":\"Confirmation form digital - Julie Dedry\",\"isPartOf\":{\"@id\":\"https:\/\/juliededry.be\/#website\"},\"primaryImageOfPage\":{\"@id\":\"https:\/\/juliededry.be\/index.php\/confirmation-form-digital\/#primaryimage\"},\"datePublished\":\"2019-04-25T13:10:56+00:00\",\"dateModified\":\"2019-04-25T13:23:11+00:00\",\"breadcrumb\":{\"@id\":\"https:\/\/juliededry.be\/index.php\/confirmation-form-digital\/#breadcrumb\"},\"inLanguage\":\"fr-FR\",\"potentialAction\":[{\"@type\":\"ReadAction\",\"target\":[\"https:\/\/juliededry.be\/index.php\/confirmation-form-digital\/\"]}]},{\"@type\":\"BreadcrumbList\",\"@id\":\"https:\/\/juliededry.be\/index.php\/confirmation-form-digital\/#breadcrumb\",\"itemListElement\":[{\"@type\":\"ListItem\",\"position\":1,\"item\":{\"@type\":\"WebPage\",\"@id\":\"https:\/\/juliededry.be\/\",\"url\":\"https:\/\/juliededry.be\/\",\"name\":\"Accueil\"}},{\"@type\":\"ListItem\",\"position\":2,\"item\":{\"@type\":\"WebPage\",\"@id\":\"https:\/\/juliededry.be\/index.php\/confirmation-form-digital\/\",\"url\":\"https:\/\/juliededry.be\/index.php\/confirmation-form-digital\/\",\"name\":\"Confirmation form digital\"}}]}]}<\/script>\n<!-- \/ Yoast SEO plugin. -->","jetpack_sharing_enabled":true,"jetpack_shortlink":"https:\/\/wp.me\/PaiuL7-1Fh","jetpack-related-posts":[],"_links":{"self":[{"href":"https:\/\/juliededry.be\/index.php\/wp-json\/wp\/v2\/pages\/6403"}],"collection":[{"href":"https:\/\/juliededry.be\/index.php\/wp-json\/wp\/v2\/pages"}],"about":[{"href":"https:\/\/juliededry.be\/index.php\/wp-json\/wp\/v2\/types\/page"}],"author":[{"embeddable":true,"href":"https:\/\/juliededry.be\/index.php\/wp-json\/wp\/v2\/users\/1"}],"replies":[{"embeddable":true,"href":"https:\/\/juliededry.be\/index.php\/wp-json\/wp\/v2\/comments?post=6403"}],"version-history":[{"count":8,"href":"https:\/\/juliededry.be\/index.php\/wp-json\/wp\/v2\/pages\/6403\/revisions"}],"predecessor-version":[{"id":6419,"href":"https:\/\/juliededry.be\/index.php\/wp-json\/wp\/v2\/pages\/6403\/revisions\/6419"}],"wp:attachment":[{"href":"https:\/\/juliededry.be\/index.php\/wp-json\/wp\/v2\/media?parent=6403"}],"curies":[{"name":"wp","href":"https:\/\/api.w.org\/{rel}","templated":true}]}}